{"id":3,"date":"2024-05-09T06:41:32","date_gmt":"2024-05-09T06:41:32","guid":{"rendered":"http:\/\/lille-discover.whf.bz\/wp\/?page_id=3"},"modified":"2024-05-15T12:25:15","modified_gmt":"2024-05-15T13:25:15","slug":"privacy-policy","status":"publish","type":"page","link":"https:\/\/allohabibvtc.fr\/?page_id=3","title":{"rendered":"Mentions l\u00e9gales"},"content":{"rendered":"\t\t<div data-elementor-type=\"wp-page\" data-elementor-id=\"3\" class=\"elementor elementor-3\">\n\t\t\t\t<div class=\"elementor-element elementor-element-6ee9fc09 e-con-full e-flex wpr-particle-no wpr-jarallax-no wpr-parallax-no wpr-sticky-section-no wpr-equal-height-no e-con e-parent\" data-id=\"6ee9fc09\" data-element_type=\"container\" data-e-type=\"container\" data-settings=\"{&quot;background_background&quot;:&quot;classic&quot;}\">\n\t\t\t\t<div class=\"elementor-element elementor-element-52d9eb14 elementor-widget elementor-widget-text-editor\" data-id=\"52d9eb14\" data-element_type=\"widget\" data-e-type=\"widget\" data-widget_type=\"text-editor.default\">\n\t\t\t\t<div class=\"elementor-widget-container\">\n\t\t\t\t\t\t\t\t\t<p>Le R\u00e8glement G\u00e9n\u00e9ral sur la Protection des Donn\u00e9es (RGPD) est une r\u00e9glementation de l&rsquo;Union europ\u00e9enne qui vise \u00e0 renforcer la protection des donn\u00e9es personnelles des individus. Il impose des obligations aux organisations qui collectent, utilisent et traitent des donn\u00e9es personnelles. Ces obligations incluent notamment l&rsquo;obligation d&rsquo;informer les utilisateurs de la mani\u00e8re dont leurs donn\u00e9es sont collect\u00e9es et utilis\u00e9es, ainsi que de recueillir leur consentement lorsque cela est n\u00e9cessaire.<\/p>\n<p>La protection des donn\u00e9es personnelles est un principe fondamental du RGPD. Les organisations doivent mettre en place des mesures de s\u00e9curit\u00e9 appropri\u00e9es pour prot\u00e9ger les donn\u00e9es personnelles contre les acc\u00e8s non autoris\u00e9s, la divulgation, la perte ou la destruction.<\/p>\n<p>En ce qui concerne l&rsquo;utilisation des cookies, le RGPD exige \u00e9galement que les utilisateurs soient inform\u00e9s de mani\u00e8re claire et transparente sur l&rsquo;utilisation des cookies sur un site web. Les cookies sont de petits fichiers texte qui sont stock\u00e9s sur l&rsquo;ordinateur ou le dispositif d&rsquo;un utilisateur lorsqu&rsquo;il visite un site web. Ils sont largement utilis\u00e9s pour collecter des informations sur les habitudes de navigation des utilisateurs et pour personnaliser leur exp\u00e9rience en ligne.<\/p>\n<p>Pour se conformer au RGPD, les organisations doivent obtenir le consentement pr\u00e9alable et \u00e9clair\u00e9 des utilisateurs avant de placer des cookies sur leur appareil, \u00e0 moins que les cookies ne soient strictement n\u00e9cessaires au fonctionnement du site. Les utilisateurs doivent \u00e9galement avoir la possibilit\u00e9 de g\u00e9rer et de contr\u00f4ler les cookies, par exemple en les acceptant, en les refusant ou en les supprimant.<\/p>\n<p>En ce qui concerne la propri\u00e9t\u00e9 intellectuelle, il est important de respecter les droits d&rsquo;auteur et les droits de propri\u00e9t\u00e9 intellectuelle associ\u00e9s au contenu d&rsquo;un site web. La reproduction, la distribution, la modification ou la publication du contenu sans l&rsquo;autorisation \u00e9crite de l&rsquo;ayant droit peut constituer une violation des lois sur la propri\u00e9t\u00e9 intellectuelle et peut engager la responsabilit\u00e9 civile et p\u00e9nale du contrevenant.<\/p>\n<p>Il est donc essentiel de consulter les conditions g\u00e9n\u00e9rales, la politique de confidentialit\u00e9 et la politique relative aux cookies sp\u00e9cifiques du site Web de Lille VTC Discover pour obtenir les informations pr\u00e9cises sur leurs pratiques en mati\u00e8re de protection des donn\u00e9es, d&rsquo;utilisation des cookies et de propri\u00e9t\u00e9 intellectuelle.<\/p>\t\t\t\t\t\t\t\t<\/div>\n\t\t\t\t<\/div>\n\t\t\t\t<\/div>\n\t\t\t\t<\/div>\n\t\t","protected":false},"excerpt":{"rendered":"<p>Le R\u00e8glement G\u00e9n\u00e9ral sur la Protection des Donn\u00e9es (RGPD) est une r\u00e9glementation de l&rsquo;Union europ\u00e9enne qui vise \u00e0 renforcer la protection des donn\u00e9es personnelles des individus. Il impose des obligations aux organisations qui collectent, utilisent et traitent des donn\u00e9es personnelles. Ces obligations incluent notamment l&rsquo;obligation d&rsquo;informer les utilisateurs de la mani\u00e8re dont leurs donn\u00e9es sont collect\u00e9es et utilis\u00e9es, ainsi que de recueillir leur consentement lorsque cela est n\u00e9cessaire. La protection des donn\u00e9es personnelles est un principe fondamental du RGPD. Les organisations doivent mettre en place des mesures de s\u00e9curit\u00e9 appropri\u00e9es pour prot\u00e9ger les donn\u00e9es personnelles contre les acc\u00e8s non autoris\u00e9s, la divulgation, la perte ou la destruction. En ce qui concerne l&rsquo;utilisation des cookies, le RGPD exige \u00e9galement que les utilisateurs soient inform\u00e9s de mani\u00e8re claire et transparente sur l&rsquo;utilisation des cookies sur un site web. Les cookies sont de petits fichiers texte qui sont stock\u00e9s sur l&rsquo;ordinateur ou le dispositif d&rsquo;un utilisateur lorsqu&rsquo;il visite un site web. Ils sont largement utilis\u00e9s pour collecter des informations sur les habitudes de navigation des utilisateurs et pour personnaliser leur exp\u00e9rience en ligne. Pour se conformer au RGPD, les organisations doivent obtenir le consentement pr\u00e9alable et \u00e9clair\u00e9 des utilisateurs avant de placer des cookies sur leur appareil, \u00e0 moins que les cookies ne soient strictement n\u00e9cessaires au fonctionnement du site. Les utilisateurs doivent \u00e9galement avoir la possibilit\u00e9 de g\u00e9rer et de contr\u00f4ler les cookies, par exemple en les acceptant, en les refusant ou en les supprimant. En ce qui concerne la propri\u00e9t\u00e9 intellectuelle, il est important de respecter les droits d&rsquo;auteur et les droits de propri\u00e9t\u00e9 intellectuelle associ\u00e9s au contenu d&rsquo;un site web. La reproduction, la distribution, la modification ou la publication du contenu sans l&rsquo;autorisation \u00e9crite de l&rsquo;ayant droit peut constituer une violation des lois sur la propri\u00e9t\u00e9 intellectuelle et peut engager la responsabilit\u00e9 civile et p\u00e9nale du contrevenant. Il est donc essentiel de consulter les conditions g\u00e9n\u00e9rales, la politique de confidentialit\u00e9 et la politique relative aux cookies sp\u00e9cifiques du site Web de Lille VTC Discover pour obtenir les informations pr\u00e9cises sur leurs pratiques en mati\u00e8re de protection des donn\u00e9es, d&rsquo;utilisation des cookies et de propri\u00e9t\u00e9 intellectuelle.<\/p>\n","protected":false},"author":1,"featured_media":0,"parent":0,"menu_order":0,"comment_status":"closed","ping_status":"open","template":"","meta":{"footnotes":""},"class_list":["post-3","page","type-page","status-publish","hentry"],"yoast_head":"<!-- This site is optimized with the Yoast SEO plugin v27.4 - https:\/\/yoast.com\/product\/yoast-seo-wordpress\/ -->\n<title>Mentions l\u00e9gales - Habib VTC<\/title>\n<meta name=\"description\" content=\"Mentions l\u00e9gales Habib VTC\" \/>\n<meta name=\"robots\" content=\"index, follow, max-snippet:-1, max-image-preview:large, max-video-preview:-1\" \/>\n<link rel=\"canonical\" href=\"https:\/\/allohabibvtc.fr\/?page_id=3\" \/>\n<meta property=\"og:locale\" content=\"fr_FR\" \/>\n<meta property=\"og:type\" content=\"article\" \/>\n<meta property=\"og:title\" content=\"Mentions l\u00e9gales - Habib VTC\" \/>\n<meta property=\"og:description\" content=\"Mentions l\u00e9gales Habib VTC\" \/>\n<meta property=\"og:url\" content=\"https:\/\/allohabibvtc.fr\/?page_id=3\" \/>\n<meta property=\"og:site_name\" content=\"Habib VTC\" \/>\n<meta property=\"article:modified_time\" content=\"2024-05-15T13:25:15+00:00\" \/>\n<meta name=\"twitter:card\" content=\"summary_large_image\" \/>\n<meta name=\"twitter:label1\" content=\"Dur\u00e9e de lecture estim\u00e9e\" \/>\n\t<meta name=\"twitter:data1\" content=\"2 minutes\" \/>\n<script type=\"application\/ld+json\" class=\"yoast-schema-graph\">{\"@context\":\"https:\\\/\\\/schema.org\",\"@graph\":[{\"@type\":\"WebPage\",\"@id\":\"https:\\\/\\\/allohabibvtc.fr\\\/?page_id=3\",\"url\":\"https:\\\/\\\/allohabibvtc.fr\\\/?page_id=3\",\"name\":\"Mentions l\u00e9gales - Habib VTC\",\"isPartOf\":{\"@id\":\"https:\\\/\\\/allohabibvtc.fr\\\/#website\"},\"datePublished\":\"2024-05-09T06:41:32+00:00\",\"dateModified\":\"2024-05-15T13:25:15+00:00\",\"description\":\"Mentions l\u00e9gales Habib VTC\",\"breadcrumb\":{\"@id\":\"https:\\\/\\\/allohabibvtc.fr\\\/?page_id=3#breadcrumb\"},\"inLanguage\":\"fr-FR\",\"potentialAction\":[{\"@type\":\"ReadAction\",\"target\":[\"https:\\\/\\\/allohabibvtc.fr\\\/?page_id=3\"]}]},{\"@type\":\"BreadcrumbList\",\"@id\":\"https:\\\/\\\/allohabibvtc.fr\\\/?page_id=3#breadcrumb\",\"itemListElement\":[{\"@type\":\"ListItem\",\"position\":1,\"name\":\"Accueil\",\"item\":\"https:\\\/\\\/allohabibvtc.fr\\\/\"},{\"@type\":\"ListItem\",\"position\":2,\"name\":\"Mentions l\u00e9gales\"}]},{\"@type\":\"WebSite\",\"@id\":\"https:\\\/\\\/allohabibvtc.fr\\\/#website\",\"url\":\"https:\\\/\\\/allohabibvtc.fr\\\/\",\"name\":\"lille discover\",\"description\":\"Habib VTC, votre chauffeur personnel \u00e0 Lille\",\"publisher\":{\"@id\":\"https:\\\/\\\/allohabibvtc.fr\\\/#organization\"},\"alternateName\":\"Lille VTC\",\"potentialAction\":[{\"@type\":\"SearchAction\",\"target\":{\"@type\":\"EntryPoint\",\"urlTemplate\":\"https:\\\/\\\/allohabibvtc.fr\\\/?s={search_term_string}\"},\"query-input\":{\"@type\":\"PropertyValueSpecification\",\"valueRequired\":true,\"valueName\":\"search_term_string\"}}],\"inLanguage\":\"fr-FR\"},{\"@type\":\"Organization\",\"@id\":\"https:\\\/\\\/allohabibvtc.fr\\\/#organization\",\"name\":\"lille discover\",\"alternateName\":\"Lille VTC\",\"url\":\"https:\\\/\\\/allohabibvtc.fr\\\/\",\"logo\":{\"@type\":\"ImageObject\",\"inLanguage\":\"fr-FR\",\"@id\":\"https:\\\/\\\/allohabibvtc.fr\\\/#\\\/schema\\\/logo\\\/image\\\/\",\"url\":\"\",\"contentUrl\":\"\",\"caption\":\"lille discover\"},\"image\":{\"@id\":\"https:\\\/\\\/allohabibvtc.fr\\\/#\\\/schema\\\/logo\\\/image\\\/\"}}]}<\/script>\n<!-- \/ Yoast SEO plugin. -->","yoast_head_json":{"title":"Mentions l\u00e9gales - Habib VTC","description":"Mentions l\u00e9gales Habib VTC","robots":{"index":"index","follow":"follow","max-snippet":"max-snippet:-1","max-image-preview":"max-image-preview:large","max-video-preview":"max-video-preview:-1"},"canonical":"https:\/\/allohabibvtc.fr\/?page_id=3","og_locale":"fr_FR","og_type":"article","og_title":"Mentions l\u00e9gales - Habib VTC","og_description":"Mentions l\u00e9gales Habib VTC","og_url":"https:\/\/allohabibvtc.fr\/?page_id=3","og_site_name":"Habib VTC","article_modified_time":"2024-05-15T13:25:15+00:00","twitter_card":"summary_large_image","twitter_misc":{"Dur\u00e9e de lecture estim\u00e9e":"2 minutes"},"schema":{"@context":"https:\/\/schema.org","@graph":[{"@type":"WebPage","@id":"https:\/\/allohabibvtc.fr\/?page_id=3","url":"https:\/\/allohabibvtc.fr\/?page_id=3","name":"Mentions l\u00e9gales - Habib VTC","isPartOf":{"@id":"https:\/\/allohabibvtc.fr\/#website"},"datePublished":"2024-05-09T06:41:32+00:00","dateModified":"2024-05-15T13:25:15+00:00","description":"Mentions l\u00e9gales Habib VTC","breadcrumb":{"@id":"https:\/\/allohabibvtc.fr\/?page_id=3#breadcrumb"},"inLanguage":"fr-FR","potentialAction":[{"@type":"ReadAction","target":["https:\/\/allohabibvtc.fr\/?page_id=3"]}]},{"@type":"BreadcrumbList","@id":"https:\/\/allohabibvtc.fr\/?page_id=3#breadcrumb","itemListElement":[{"@type":"ListItem","position":1,"name":"Accueil","item":"https:\/\/allohabibvtc.fr\/"},{"@type":"ListItem","position":2,"name":"Mentions l\u00e9gales"}]},{"@type":"WebSite","@id":"https:\/\/allohabibvtc.fr\/#website","url":"https:\/\/allohabibvtc.fr\/","name":"lille discover","description":"Habib VTC, votre chauffeur personnel \u00e0 Lille","publisher":{"@id":"https:\/\/allohabibvtc.fr\/#organization"},"alternateName":"Lille VTC","potentialAction":[{"@type":"SearchAction","target":{"@type":"EntryPoint","urlTemplate":"https:\/\/allohabibvtc.fr\/?s={search_term_string}"},"query-input":{"@type":"PropertyValueSpecification","valueRequired":true,"valueName":"search_term_string"}}],"inLanguage":"fr-FR"},{"@type":"Organization","@id":"https:\/\/allohabibvtc.fr\/#organization","name":"lille discover","alternateName":"Lille VTC","url":"https:\/\/allohabibvtc.fr\/","logo":{"@type":"ImageObject","inLanguage":"fr-FR","@id":"https:\/\/allohabibvtc.fr\/#\/schema\/logo\/image\/","url":"","contentUrl":"","caption":"lille discover"},"image":{"@id":"https:\/\/allohabibvtc.fr\/#\/schema\/logo\/image\/"}}]}},"_links":{"self":[{"href":"https:\/\/allohabibvtc.fr\/index.php?rest_route=\/wp\/v2\/pages\/3","targetHints":{"allow":["GET"]}}],"collection":[{"href":"https:\/\/allohabibvtc.fr\/index.php?rest_route=\/wp\/v2\/pages"}],"about":[{"href":"https:\/\/allohabibvtc.fr\/index.php?rest_route=\/wp\/v2\/types\/page"}],"author":[{"embeddable":true,"href":"https:\/\/allohabibvtc.fr\/index.php?rest_route=\/wp\/v2\/users\/1"}],"replies":[{"embeddable":true,"href":"https:\/\/allohabibvtc.fr\/index.php?rest_route=%2Fwp%2Fv2%2Fcomments&post=3"}],"version-history":[{"count":0,"href":"https:\/\/allohabibvtc.fr\/index.php?rest_route=\/wp\/v2\/pages\/3\/revisions"}],"wp:attachment":[{"href":"https:\/\/allohabibvtc.fr\/index.php?rest_route=%2Fwp%2Fv2%2Fmedia&parent=3"}],"curies":[{"name":"wp","href":"https:\/\/api.w.org\/{rel}","templated":true}]}}